{"id":574,"date":"2021-03-21T19:19:48","date_gmt":"2021-03-22T02:19:48","guid":{"rendered":"https:\/\/soluciones.cc\/inicio\/?post_type=product&#038;p=574"},"modified":"2021-03-21T19:49:56","modified_gmt":"2021-03-22T02:49:56","slug":"coreldraw-suite-2021","status":"publish","type":"product","link":"https:\/\/soluciones.cc\/inicio\/producto\/coreldraw-suite-2021\/","title":{"rendered":"CorelDraw Suite 2021"},"content":{"rendered":"<p><strong>CorelDraw Suite 2021<\/strong><\/p>\n<p>Graphics Suite 2021, una soluci\u00f3n completa de aplicaciones profesionales de dise\u00f1o gr\u00e1fico para ilustraci\u00f3n vectorial, dise\u00f1o de p\u00e1ginas, edici\u00f3n de fotos y mucho m\u00e1s, dise\u00f1ada espec\u00edficamente para tu plataforma preferida<\/p>\n<p>&nbsp;<\/p>\n<p>&nbsp;<\/p>\n<p>&nbsp;<\/p>\n","protected":false},"excerpt":{"rendered":"<p>CorelDraw Suite 2021 Graphics Suite 2021, una soluci\u00f3n completa de aplicaciones profesionales de dise\u00f1o gr\u00e1fico para ilustraci\u00f3n vectorial, dise\u00f1o de p\u00e1ginas, edici\u00f3n de fotos y mucho m\u00e1s, dise\u00f1ada espec\u00edficamente para tu plataforma preferida &nbsp; &nbsp; &nbsp;<\/p>\n","protected":false},"featured_media":575,"template":"","meta":{"om_disable_all_campaigns":false,"_monsterinsights_skip_tracking":false,"_monsterinsights_sitenote_active":false,"_monsterinsights_sitenote_note":"","_monsterinsights_sitenote_category":0,"_uf_show_specific_survey":0,"_uf_disable_surveys":false,"neve_meta_sidebar":"","neve_meta_container":"","neve_meta_enable_content_width":"off","neve_meta_content_width":0,"neve_meta_title_alignment":"","neve_meta_author_avatar":"","neve_post_elements_order":"","neve_meta_disable_header":"","neve_meta_disable_footer":"","neve_meta_disable_title":""},"product_brand":[],"product_cat":[69],"product_tag":[122,123,121],"class_list":{"0":"post-574","1":"product","2":"type-product","3":"status-publish","4":"has-post-thumbnail","6":"product_cat-software","7":"product_tag-corel","8":"product_tag-coreldraw","9":"product_tag-diseno","11":"first","12":"instock","13":"shipping-taxable","14":"product-type-simple"},"aioseo_notices":[],"_links":{"self":[{"href":"https:\/\/soluciones.cc\/inicio\/wp-json\/wp\/v2\/product\/574","targetHints":{"allow":["GET"]}}],"collection":[{"href":"https:\/\/soluciones.cc\/inicio\/wp-json\/wp\/v2\/product"}],"about":[{"href":"https:\/\/soluciones.cc\/inicio\/wp-json\/wp\/v2\/types\/product"}],"wp:featuredmedia":[{"embeddable":true,"href":"https:\/\/soluciones.cc\/inicio\/wp-json\/wp\/v2\/media\/575"}],"wp:attachment":[{"href":"https:\/\/soluciones.cc\/inicio\/wp-json\/wp\/v2\/media?parent=574"}],"wp:term":[{"taxonomy":"product_brand","embeddable":true,"href":"https:\/\/soluciones.cc\/inicio\/wp-json\/wp\/v2\/product_brand?post=574"},{"taxonomy":"product_cat","embeddable":true,"href":"https:\/\/soluciones.cc\/inicio\/wp-json\/wp\/v2\/product_cat?post=574"},{"taxonomy":"product_tag","embeddable":true,"href":"https:\/\/soluciones.cc\/inicio\/wp-json\/wp\/v2\/product_tag?post=574"}],"curies":[{"name":"wp","href":"https:\/\/api.w.org\/{rel}","templated":true}]}}