{"id":1194,"date":"2025-01-26T15:11:01","date_gmt":"2025-01-26T23:11:01","guid":{"rendered":"https:\/\/soluciones.cc\/inicio\/?page_id=1194"},"modified":"2025-01-26T15:11:57","modified_gmt":"2025-01-26T23:11:57","slug":"codigo-de-etica","status":"publish","type":"page","link":"https:\/\/soluciones.cc\/inicio\/codigo-de-etica\/","title":{"rendered":"C\u00f3digo de \u00c9tica"},"content":{"rendered":"\t\t<div data-elementor-type=\"wp-page\" data-elementor-id=\"1194\" class=\"elementor elementor-1194\" data-elementor-post-type=\"page\">\n\t\t\t\t<div class=\"elementor-element elementor-element-0ad4b54 e-flex e-con-boxed e-con e-parent\" data-id=\"0ad4b54\" data-element_type=\"container\" data-e-type=\"container\">\n\t\t\t\t\t<div class=\"e-con-inner\">\n\t\t\t\t<div class=\"elementor-element elementor-element-456abdc elementor-widget-divider--view-line elementor-widget elementor-widget-divider\" data-id=\"456abdc\" data-element_type=\"widget\" data-e-type=\"widget\" data-widget_type=\"divider.default\">\n\t\t\t\t<div class=\"elementor-widget-container\">\n\t\t\t\t\t\t\t<div class=\"elementor-divider\">\n\t\t\t<span class=\"elementor-divider-separator\">\n\t\t\t\t\t\t<\/span>\n\t\t<\/div>\n\t\t\t\t\t\t<\/div>\n\t\t\t\t<\/div>\n\t\t\t\t<div class=\"elementor-element elementor-element-5140d02 elementor-widget elementor-widget-text-editor\" data-id=\"5140d02\" data-element_type=\"widget\" data-e-type=\"widget\" data-widget_type=\"text-editor.default\">\n\t\t\t\t<div class=\"elementor-widget-container\">\n\t\t\t\t\t\t\t\t\t<h4 style=\"text-align: center;\"><strong>C\u00f3digo de \u00c9tica, Conducta y Anticorrupci\u00f3n de\u00a0<\/strong><strong style=\"color: var( --e-global-color-text ); font-family: var( --e-global-typography-text-font-family ), Sans-serif; text-align: var(--text-align);\">Soluciones Tecnol\u00f3gicas CC (SOLTEC)<\/strong><\/h4><p>En Soluciones Tecnol\u00f3gicas CC (SOLTEC) estamos comprometidos con la excelencia, la transparencia y la integridad en cada una de nuestras operaciones. Este C\u00f3digo de \u00c9tica, Conducta y Anticorrupci\u00f3n establece los principios que gu\u00edan nuestras acciones, asegurando que todos los empleados, proveedores y colaboradores act\u00faen con \u00e9tica, respeto a las leyes y responsabilidad social.<\/p><ol><li><strong>Principios \u00c9ticos<\/strong><\/li><\/ol><p>En SOLTEC nos comprometemos a:<\/p><ul><li>Actuar con honestidad y transparencia en todas las interacciones y decisiones.<\/li><li>Cumplir con todas las leyes y regulaciones aplicables, tanto locales como internacionales.<\/li><li>Promover el respeto mutuo, la inclusi\u00f3n y la igualdad de oportunidades.<\/li><li>Garantizar que nuestras operaciones sean responsables y sostenibles, considerando su impacto social, ambiental y econ\u00f3mico.<\/li><\/ul><ol start=\"2\"><li><strong>Conducta Esperada<\/strong><ul><li><strong>Relaciones laborales<\/strong>: Todos los empleados deben tratarse con respeto, dignidad y equidad, evitando cualquier tipo de discriminaci\u00f3n, acoso o violencia.<\/li><li><strong>Uso de recursos<\/strong>: Los recursos de la empresa deben utilizarse exclusivamente para fines laborales. No est\u00e1 permitido el uso indebido de equipos, informaci\u00f3n o materiales de la organizaci\u00f3n.<\/li><li><strong>Confidencialidad<\/strong>: La informaci\u00f3n de la empresa y de nuestros clientes debe manejarse de manera responsable, evitando su divulgaci\u00f3n no autorizada.<\/li><li><strong>Relaciones con proveedores y clientes<\/strong>: Fomentamos relaciones justas y transparentes con todos nuestros socios comerciales, asegurando que las decisiones se basen en criterios objetivos y \u00e9ticos.<\/li><\/ul><\/li><\/ol><ol start=\"3\"><li><strong>Prevenci\u00f3n de la Corrupci\u00f3n<\/strong><ul><li><strong>Prohibici\u00f3n de sobornos y regalos<\/strong>: Est\u00e1 estrictamente prohibido ofrecer, aceptar o solicitar sobornos, regalos, pagos o cualquier otra forma de beneficio que pueda influir indebidamente en las decisiones comerciales o laborales.<\/li><li><strong>Conflictos de inter\u00e9s<\/strong>: Los empleados deben evitar situaciones donde sus intereses personales puedan interferir con los intereses de SOLTEC. Cualquier posible conflicto de inter\u00e9s debe ser declarado de inmediato.<\/li><li><strong>Cumplimiento con las leyes anticorrupci\u00f3n<\/strong>: SOLTEC se adhiere a todas las leyes anticorrupci\u00f3n nacionales e internacionales aplicables, incluyendo la Ley General de Responsabilidades Administrativas y los principios establecidos por nuestros socios globales.<\/li><\/ul><\/li><\/ol><ol start=\"4\"><li><strong>Denuncia de Incidentes<\/strong><ul><li><strong>Mecanismos de denuncia<\/strong>: Los empleados, clientes y proveedores pueden reportar cualquier violaci\u00f3n a este C\u00f3digo a trav\u00e9s de nuestros canales confidenciales de denuncia, asegurando que todas las quejas sean investigadas de manera imparcial.<\/li><li><strong>Protecci\u00f3n contra represalias<\/strong>: SOLTEC garantiza que no habr\u00e1 represalias contra aquellos que denuncien de buena fe cualquier irregularidad o violaci\u00f3n a este C\u00f3digo.<\/li><\/ul><\/li><\/ol><ol start=\"5\"><li><strong>Capacidades y Responsabilidades<\/strong><ul><li><strong>Capacitaci\u00f3n<\/strong>: Todos los empleados deben participar en capacitaciones regulares sobre \u00e9tica empresarial y prevenci\u00f3n de la corrupci\u00f3n.<\/li><li><strong>Responsabilidad compartida<\/strong>: Cada miembro de SOLTEC es responsable de cumplir y hacer cumplir este C\u00f3digo, actuando siempre con \u00e9tica y profesionalismo.<\/li><\/ul><\/li><\/ol><p>Este C\u00f3digo es una gu\u00eda para garantizar que nuestras acciones reflejen los valores de integridad, respeto y responsabilidad que definen a SOLTEC. Al adherirnos a estos principios, reafirmamos nuestro compromiso de ser un socio confiable y un referente en \u00e9tica empresarial.<\/p>\t\t\t\t\t\t\t\t<\/div>\n\t\t\t\t<\/div>\n\t\t\t\t\t<\/div>\n\t\t\t\t<\/div>\n\t\t\t\t<\/div>\n\t\t","protected":false},"excerpt":{"rendered":"<p>C\u00f3digo de \u00c9tica, Conducta y Anticorrupci\u00f3n de\u00a0Soluciones Tecnol\u00f3gicas CC (SOLTEC) En Soluciones Tecnol\u00f3gicas CC (SOLTEC) estamos comprometidos con la excelencia, la transparencia y la integridad en cada una de nuestras operaciones. Este C\u00f3digo de \u00c9tica, Conducta y Anticorrupci\u00f3n establece los principios que gu\u00edan nuestras acciones, asegurando que todos los empleados, proveedores y colaboradores act\u00faen con&hellip;&nbsp;<\/p>\n","protected":false},"author":1,"featured_media":0,"parent":0,"menu_order":0,"comment_status":"closed","ping_status":"closed","template":"","meta":{"om_disable_all_campaigns":false,"_monsterinsights_skip_tracking":false,"_monsterinsights_sitenote_active":false,"_monsterinsights_sitenote_note":"","_monsterinsights_sitenote_category":0,"_uf_show_specific_survey":0,"_uf_disable_surveys":false,"neve_meta_sidebar":"","neve_meta_container":"","neve_meta_enable_content_width":"","neve_meta_content_width":0,"neve_meta_title_alignment":"","neve_meta_author_avatar":"","neve_post_elements_order":"","neve_meta_disable_header":"","neve_meta_disable_footer":"","neve_meta_disable_title":"","footnotes":""},"class_list":["post-1194","page","type-page","status-publish","hentry"],"aioseo_notices":[],"_links":{"self":[{"href":"https:\/\/soluciones.cc\/inicio\/wp-json\/wp\/v2\/pages\/1194","targetHints":{"allow":["GET"]}}],"collection":[{"href":"https:\/\/soluciones.cc\/inicio\/wp-json\/wp\/v2\/pages"}],"about":[{"href":"https:\/\/soluciones.cc\/inicio\/wp-json\/wp\/v2\/types\/page"}],"author":[{"embeddable":true,"href":"https:\/\/soluciones.cc\/inicio\/wp-json\/wp\/v2\/users\/1"}],"replies":[{"embeddable":true,"href":"https:\/\/soluciones.cc\/inicio\/wp-json\/wp\/v2\/comments?post=1194"}],"version-history":[{"count":4,"href":"https:\/\/soluciones.cc\/inicio\/wp-json\/wp\/v2\/pages\/1194\/revisions"}],"predecessor-version":[{"id":1200,"href":"https:\/\/soluciones.cc\/inicio\/wp-json\/wp\/v2\/pages\/1194\/revisions\/1200"}],"wp:attachment":[{"href":"https:\/\/soluciones.cc\/inicio\/wp-json\/wp\/v2\/media?parent=1194"}],"curies":[{"name":"wp","href":"https:\/\/api.w.org\/{rel}","templated":true}]}}